{"id":634,"date":"2018-11-07T11:26:24","date_gmt":"2018-11-07T14:26:24","guid":{"rendered":"https:\/\/decorarcomfoto.com.br\/loja\/?post_type=product&#038;p=634"},"modified":"2025-09-28T18:53:33","modified_gmt":"2025-09-28T21:53:33","slug":"chapada-diamantina-um-paraiso-desconhecido","status":"publish","type":"product","link":"https:\/\/decorarcomfoto.com.br\/loja\/produto\/chapada-diamantina-um-paraiso-desconhecido\/","title":{"rendered":"Chapada Diamantina, Um Para\u00edso Desconhecido"},"content":{"rendered":"<p><strong>Autor:<\/strong> Rui Rezende.<\/p>\n<p><strong>Caracter\u00edsticas do livro:<\/strong> 252 p\u00e1ginas, 30 X 30 cm, mais de 400 fotos.<\/p>\n","protected":false},"excerpt":{"rendered":"<p>Chapada Diamantina, Um Para\u00edso Desconhecido<br \/>\nAutor: Rui Rezende<\/p>\n<p>Trata-se de uma cole\u00e7\u00e3o de fotografias de toda Chapada Diamantina produzida ao longo de 13 anos. Viagens feitas de avi\u00e3o, helic\u00f3ptero, carro, moto ou a p\u00e9. Est\u00e3o presentes no livro: Fauna, flora, cotidiano, manifesta\u00e7\u00f5es culturais e muita natureza. O autor tamb\u00e9m desceve a hist\u00f3ria da foto, t\u00e9cnicas de fotografia e muito mais.<\/p>\n<p>Caracter\u00edsticas: 252 p\u00e1ginas, 30 X 30 cm, mais de 400 fotos.<\/p>\n<p><a href=\"http:\/\/issuu.com\/netsenior\/docs\/chapada_diamantina?mode=window&amp;viewMode=doublePage\" target=\"_blank\" rel=\"noopener\">Preview do livro<\/a><br \/>\n<a href=\"http:\/\/www.irdeb.ba.gov.br\/tve\/catalogo\/media\/view\/3062\" target=\"_blank\" rel=\"noopener\">Reportagem do programa Soter\u00f3polis<\/a><\/p>\n","protected":false},"featured_media":662,"template":"","meta":{"site-sidebar-layout":"default","site-content-layout":"default","ast-global-header-display":"","ast-main-header-display":"","ast-hfb-above-header-display":"","ast-hfb-below-header-display":"","ast-hfb-mobile-header-display":"","site-post-title":"","ast-breadcrumbs-content":"","ast-featured-img":"","footer-sml-layout":"","theme-transparent-header-meta":"default","adv-header-id-meta":"","stick-header-meta":"","header-above-stick-meta":"","header-main-stick-meta":"","header-below-stick-meta":""},"product_cat":[19],"product_tag":[],"_links":{"self":[{"href":"https:\/\/decorarcomfoto.com.br\/loja\/wp-json\/wp\/v2\/product\/634"}],"collection":[{"href":"https:\/\/decorarcomfoto.com.br\/loja\/wp-json\/wp\/v2\/product"}],"about":[{"href":"https:\/\/decorarcomfoto.com.br\/loja\/wp-json\/wp\/v2\/types\/product"}],"version-history":[{"count":1,"href":"https:\/\/decorarcomfoto.com.br\/loja\/wp-json\/wp\/v2\/product\/634\/revisions"}],"predecessor-version":[{"id":1612,"href":"https:\/\/decorarcomfoto.com.br\/loja\/wp-json\/wp\/v2\/product\/634\/revisions\/1612"}],"wp:featuredmedia":[{"embeddable":true,"href":"https:\/\/decorarcomfoto.com.br\/loja\/wp-json\/wp\/v2\/media\/662"}],"wp:attachment":[{"href":"https:\/\/decorarcomfoto.com.br\/loja\/wp-json\/wp\/v2\/media?parent=634"}],"wp:term":[{"taxonomy":"product_cat","embeddable":true,"href":"https:\/\/decorarcomfoto.com.br\/loja\/wp-json\/wp\/v2\/product_cat?post=634"},{"taxonomy":"product_tag","embeddable":true,"href":"https:\/\/decorarcomfoto.com.br\/loja\/wp-json\/wp\/v2\/product_tag?post=634"}],"curies":[{"name":"wp","href":"https:\/\/api.w.org\/{rel}","templated":true}]}}